{"id":8674,"date":"2022-05-06T08:09:09","date_gmt":"2022-05-06T06:09:09","guid":{"rendered":"https:\/\/dygicom.org\/restaurant\/noticias\/"},"modified":"2024-05-02T17:36:56","modified_gmt":"2024-05-02T15:36:56","slug":"noticies","status":"publish","type":"page","link":"https:\/\/restauranttem.com\/ca\/noticies\/","title":{"rendered":"Not\u00edcies"},"content":{"rendered":"\t\t<div data-elementor-type=\"wp-page\" data-elementor-id=\"8674\" class=\"elementor elementor-8674 elementor-1160\">\n\t\t\t\t\t\t<section class=\"elementor-section elementor-top-section elementor-element elementor-element-20db7dd pt-section-content-fullwidth elementor-section-boxed elementor-section-height-default elementor-section-height-default\" data-id=\"20db7dd\" data-element_type=\"section\" data-settings=\"{&quot;background_background&quot;:&quot;classic&quot;,&quot;shape_divider_bottom_negative&quot;:&quot;yes&quot;,&quot;shape_divider_bottom&quot;:&quot;waves&quot;}\">\n\t\t\t\t\t\t\t<div class=\"elementor-background-overlay\"><\/div>\n\t\t\t\t\t\t<div class=\"elementor-shape elementor-shape-bottom\" data-negative=\"true\">\n\t\t\t<svg xmlns=\"http:\/\/www.w3.org\/2000\/svg\" viewBox=\"0 0 1000 100\" preserveAspectRatio=\"none\">\n\t<path class=\"elementor-shape-fill\" d=\"M790.5,93.1c-59.3-5.3-116.8-18-192.6-50c-29.6-12.7-76.9-31-100.5-35.9c-23.6-4.9-52.6-7.8-75.5-5.3\n\tc-10.2,1.1-22.6,1.4-50.1,7.4c-27.2,6.3-58.2,16.6-79.4,24.7c-41.3,15.9-94.9,21.9-134,22.6C72,58.2,0,25.8,0,25.8V100h1000V65.3\n\tc0,0-51.5,19.4-106.2,25.7C839.5,97,814.1,95.2,790.5,93.1z\"\/>\n<\/svg>\t\t<\/div>\n\t\t\t\t\t<div class=\"elementor-container elementor-column-gap-no\">\n\t\t\t\t\t<div class=\"elementor-column elementor-col-100 elementor-top-column elementor-element elementor-element-5dd54fb dark-color\" data-id=\"5dd54fb\" data-element_type=\"column\">\n\t\t\t<div class=\"elementor-widget-wrap elementor-element-populated\">\n\t\t\t\t\t\t<div class=\"elementor-element elementor-element-38c8988 elementor-widget elementor-widget-pt_title\" data-id=\"38c8988\" data-element_type=\"widget\" data-widget_type=\"pt_title.default\">\n\t\t\t\t<div class=\"elementor-widget-container\">\n\t\t\t\n        <div class=\"pt-title-wrap text-left\">\t            <h1 class=\"pt-title\">\n\t                Posa't al dia amb els nostres articles i not\u00edcies sobre Cambrils i la seva gastronomia\t            <\/h1>        <\/div>\t\t<\/div>\n\t\t\t\t<\/div>\n\t\t\t\t\t<\/div>\n\t\t<\/div>\n\t\t\t\t\t<\/div>\n\t\t<\/section>\n\t\t\t\t<section class=\"elementor-section elementor-top-section elementor-element elementor-element-0fb0b1c elementor-section-boxed elementor-section-height-default elementor-section-height-default\" data-id=\"0fb0b1c\" data-element_type=\"section\">\n\t\t\t\t\t\t<div class=\"elementor-container elementor-column-gap-no\">\n\t\t\t\t\t<div class=\"elementor-column elementor-col-100 elementor-top-column elementor-element elementor-element-0982ecc\" data-id=\"0982ecc\" data-element_type=\"column\">\n\t\t\t<div class=\"elementor-widget-wrap elementor-element-populated\">\n\t\t\t\t\t\t<div class=\"elementor-element elementor-element-9c983b3 elementor-widget elementor-widget-pt_blog\" data-id=\"9c983b3\" data-element_type=\"widget\" data-widget_type=\"pt_blog.default\">\n\t\t\t\t<div class=\"elementor-widget-container\">\n\t\t\t\t\t\t\t<div class=\"posts layout-grid column-2 img-ratio-3-2\" data-settings='{\"query\":{\"paged\":1,\"posts_per_page\":\"10\",\"ignore_sticky_posts\":true},\"settings\":{\"layout\":\"grid\",\"columns\":\"2\",\"post_meta\":\"a:4:{i:0;s:7:\\\"excerpt\\\";i:1;s:13:\\\"read_more_btn\\\";i:2;s:8:\\\"category\\\";i:3;s:4:\\\"date\\\";}\",\"page_layout\":\"\",\"pagination\":\"\",\"archive_page\":\"elementor\"}}'>\n\t\t\t\t\t\t\t\t\t<div class=\"posts-wrapper\">\n<article class=\"post-8685 post type-post status-publish format-standard has-post-thumbnail hentry category-cambrils-ca category-turisme tag-cambrils-ca tag-turismo-ca\">    <div class=\"featured-img\">            <a href=\"https:\/\/restauranttem.com\/ca\/el-port-de-cambrils-a-tarragona\/\"><img fetchpriority=\"high\" decoding=\"async\" width=\"780\" height=\"519\" src=\"https:\/\/restauranttem.com\/wp-content\/uploads\/2024\/04\/Vista-de-Cambrils-780x519.jpg\" class=\"attachment-patiotime_780x9999 size-patiotime_780x9999 wp-post-image image-layout-grid-column-2\" alt=\"\" srcset=\"https:\/\/restauranttem.com\/wp-content\/uploads\/2024\/04\/Vista-de-Cambrils-780x519.jpg 780w, https:\/\/restauranttem.com\/wp-content\/uploads\/2024\/04\/Vista-de-Cambrils-300x200.jpg 300w, https:\/\/restauranttem.com\/wp-content\/uploads\/2024\/04\/Vista-de-Cambrils-768x511.jpg 768w, https:\/\/restauranttem.com\/wp-content\/uploads\/2024\/04\/Vista-de-Cambrils-600x400.jpg 600w, https:\/\/restauranttem.com\/wp-content\/uploads\/2024\/04\/Vista-de-Cambrils-550x366.jpg 550w, https:\/\/restauranttem.com\/wp-content\/uploads\/2024\/04\/Vista-de-Cambrils-370x246.jpg 370w, https:\/\/restauranttem.com\/wp-content\/uploads\/2024\/04\/Vista-de-Cambrils-255x170.jpg 255w, https:\/\/restauranttem.com\/wp-content\/uploads\/2024\/04\/Vista-de-Cambrils.jpg 1000w\" sizes=\"(max-width: 780px) 100vw, 780px\" \/><\/a>    <\/div>\n    <div class=\"post-content\">\n        <header class=\"post-header\">            <div class=\"meta-wrap\">                    <div class=\"meta\">        <div class=\"meta-item time\">\n            <a href=\"https:\/\/restauranttem.com\/ca\/el-port-de-cambrils-a-tarragona\/\">\n                <time class=\"published\" datetime=\"2022-05-06T08:06:34+02:00\">6 de maig de 2022<\/time>\n            <\/a>\n        <\/div>                     <\/div>\t\t\t<div class=\"cat-links\"><a href=\"https:\/\/restauranttem.com\/ca\/category\/cambrils-ca\/\" rel=\"tag\">Cambrils<\/a> <a href=\"https:\/\/restauranttem.com\/ca\/category\/turisme\/\" rel=\"tag\">Turisme<\/a><\/div>            <\/div>    <h2 class=\"post-title\">\n        <a href=\"https:\/\/restauranttem.com\/ca\/el-port-de-cambrils-a-tarragona\/\">El port de Cambrils a Tarragona<\/a>\n    <\/h2>        <\/header>\t\t<div class=\"post-excerpt\"><p>Explorant l&#8217;encant del port de Cambrils a la Costa Daurada El port de Cambrils, a Tarragona, s&#8217;erigeix en una de les destinacions m\u00e9s emblem\u00e0tiques de &#8230;<\/p>\n<\/div>            <footer class=\"post-footer\">        <div class=\"more-btn\">\n            <a class=\"read-more-btn button pt-btn-underline\" href=\"https:\/\/restauranttem.com\/ca\/el-port-de-cambrils-a-tarragona\/\"><span>Leer m\u00e1s<\/span><\/a>\n        <\/div>            <\/footer>    <\/div>\n<\/article>\n\n<article class=\"post-8686 post type-post status-publish format-standard has-post-thumbnail hentry category-cambrils-ca category-turisme tag-cambrils-ca tag-turismo-ca\">    <div class=\"featured-img\">            <a href=\"https:\/\/restauranttem.com\/ca\/descobreix-els-encants-de-cambrils\/\"><img decoding=\"async\" width=\"780\" height=\"519\" src=\"https:\/\/restauranttem.com\/wp-content\/uploads\/2022\/05\/Playas-de-Cambrils-780x519.jpg\" class=\"attachment-patiotime_780x9999 size-patiotime_780x9999 wp-post-image image-layout-grid-column-2\" alt=\"\" srcset=\"https:\/\/restauranttem.com\/wp-content\/uploads\/2022\/05\/Playas-de-Cambrils-780x519.jpg 780w, https:\/\/restauranttem.com\/wp-content\/uploads\/2022\/05\/Playas-de-Cambrils-300x200.jpg 300w, https:\/\/restauranttem.com\/wp-content\/uploads\/2022\/05\/Playas-de-Cambrils-768x511.jpg 768w, https:\/\/restauranttem.com\/wp-content\/uploads\/2022\/05\/Playas-de-Cambrils-600x400.jpg 600w, https:\/\/restauranttem.com\/wp-content\/uploads\/2022\/05\/Playas-de-Cambrils-550x366.jpg 550w, https:\/\/restauranttem.com\/wp-content\/uploads\/2022\/05\/Playas-de-Cambrils-370x246.jpg 370w, https:\/\/restauranttem.com\/wp-content\/uploads\/2022\/05\/Playas-de-Cambrils-255x170.jpg 255w, https:\/\/restauranttem.com\/wp-content\/uploads\/2022\/05\/Playas-de-Cambrils.jpg 1000w\" sizes=\"(max-width: 780px) 100vw, 780px\" \/><\/a>    <\/div>\n    <div class=\"post-content\">\n        <header class=\"post-header\">            <div class=\"meta-wrap\">                    <div class=\"meta\">        <div class=\"meta-item time\">\n            <a href=\"https:\/\/restauranttem.com\/ca\/descobreix-els-encants-de-cambrils\/\">\n                <time class=\"published\" datetime=\"2022-05-06T08:04:14+02:00\">6 de maig de 2022<\/time>\n            <\/a>\n        <\/div>                     <\/div>\t\t\t<div class=\"cat-links\"><a href=\"https:\/\/restauranttem.com\/ca\/category\/cambrils-ca\/\" rel=\"tag\">Cambrils<\/a> <a href=\"https:\/\/restauranttem.com\/ca\/category\/turisme\/\" rel=\"tag\">Turisme<\/a><\/div>            <\/div>    <h2 class=\"post-title\">\n        <a href=\"https:\/\/restauranttem.com\/ca\/descobreix-els-encants-de-cambrils\/\">Descobreix els encants de Cambrils<\/a>\n    <\/h2>        <\/header>\t\t<div class=\"post-excerpt\"><p>Un dest\u00ed que desperta els sentits Benvingut a Cambrils, un encantador poble costaner a la prov\u00edncia de Tarragona, ubicat a la impressionant Costa Daurada d&#8217;Espanya. &#8230;<\/p>\n<\/div>            <footer class=\"post-footer\">        <div class=\"more-btn\">\n            <a class=\"read-more-btn button pt-btn-underline\" href=\"https:\/\/restauranttem.com\/ca\/descobreix-els-encants-de-cambrils\/\"><span>Leer m\u00e1s<\/span><\/a>\n        <\/div>            <\/footer>    <\/div>\n<\/article>\n\n<article class=\"post-8687 post type-post status-publish format-standard has-post-thumbnail hentry category-cambrils-ca category-enoturisme category-gastronomia-ca tag-cambrils-ca tag-enoturismo-ca tag-gastronomia-ca\">    <div class=\"featured-img\">            <a href=\"https:\/\/restauranttem.com\/ca\/fira-del-vi-i-la-gastronomia-de-cambrils\/\"><img decoding=\"async\" width=\"780\" height=\"519\" src=\"https:\/\/restauranttem.com\/wp-content\/uploads\/2022\/04\/Feria-del-vino-de-Cambrils-780x519.jpg\" class=\"attachment-patiotime_780x9999 size-patiotime_780x9999 wp-post-image image-layout-grid-column-2\" alt=\"\" srcset=\"https:\/\/restauranttem.com\/wp-content\/uploads\/2022\/04\/Feria-del-vino-de-Cambrils-780x519.jpg 780w, https:\/\/restauranttem.com\/wp-content\/uploads\/2022\/04\/Feria-del-vino-de-Cambrils-300x200.jpg 300w, https:\/\/restauranttem.com\/wp-content\/uploads\/2022\/04\/Feria-del-vino-de-Cambrils-768x511.jpg 768w, https:\/\/restauranttem.com\/wp-content\/uploads\/2022\/04\/Feria-del-vino-de-Cambrils-600x400.jpg 600w, https:\/\/restauranttem.com\/wp-content\/uploads\/2022\/04\/Feria-del-vino-de-Cambrils-550x366.jpg 550w, https:\/\/restauranttem.com\/wp-content\/uploads\/2022\/04\/Feria-del-vino-de-Cambrils-370x246.jpg 370w, https:\/\/restauranttem.com\/wp-content\/uploads\/2022\/04\/Feria-del-vino-de-Cambrils-255x170.jpg 255w, https:\/\/restauranttem.com\/wp-content\/uploads\/2022\/04\/Feria-del-vino-de-Cambrils.jpg 1000w\" sizes=\"(max-width: 780px) 100vw, 780px\" \/><\/a>    <\/div>\n    <div class=\"post-content\">\n        <header class=\"post-header\">            <div class=\"meta-wrap\">                    <div class=\"meta\">        <div class=\"meta-item time\">\n            <a href=\"https:\/\/restauranttem.com\/ca\/fira-del-vi-i-la-gastronomia-de-cambrils\/\">\n                <time class=\"published\" datetime=\"2022-04-05T13:15:51+02:00\">5 d&#039;abril de 2022<\/time>\n            <\/a>\n        <\/div>                     <\/div>\t\t\t<div class=\"cat-links\"><a href=\"https:\/\/restauranttem.com\/ca\/category\/cambrils-ca\/\" rel=\"tag\">Cambrils<\/a> <a href=\"https:\/\/restauranttem.com\/ca\/category\/enoturisme\/\" rel=\"tag\">Enoturisme<\/a> <a href=\"https:\/\/restauranttem.com\/ca\/category\/gastronomia-ca\/\" rel=\"tag\">Gastronomia<\/a><\/div>            <\/div>    <h2 class=\"post-title\">\n        <a href=\"https:\/\/restauranttem.com\/ca\/fira-del-vi-i-la-gastronomia-de-cambrils\/\">Fira del vi a Cambrils<\/a>\n    <\/h2>        <\/header>\t\t<div class=\"post-excerpt\"><p>Gaudeix del sabor i la cultura a la fira del vi i la gastronomia de Cambrils Submergeix-te en una experi\u00e8ncia \u00fanica que combina la passi\u00f3 &#8230;<\/p>\n<\/div>            <footer class=\"post-footer\">        <div class=\"more-btn\">\n            <a class=\"read-more-btn button pt-btn-underline\" href=\"https:\/\/restauranttem.com\/ca\/fira-del-vi-i-la-gastronomia-de-cambrils\/\"><span>Leer m\u00e1s<\/span><\/a>\n        <\/div>            <\/footer>    <\/div>\n<\/article>\n\t\t\t\t<\/div>\t\t\t\t<\/div>\t\t<\/div>\n\t\t\t\t<\/div>\n\t\t\t\t\t<\/div>\n\t\t<\/div>\n\t\t\t\t\t<\/div>\n\t\t<\/section>\n\t\t\t\t<\/div>\n\t\t","protected":false},"excerpt":{"rendered":"<p>Posa&#8217;t al dia amb els nostres articles i not\u00edcies sobre Cambrils i la seva gastronomia<\/p>\n","protected":false},"author":1,"featured_media":0,"parent":0,"menu_order":0,"comment_status":"closed","ping_status":"closed","template":"template-wide-content.php","meta":{"patiotime_single_page_hide_site_header":"","patiotime_single_page_site_header_source":"","patiotime_single_page_custom_site_header":"0","patiotime_single_page_custom_sticky_site_header":"0","patiotime_single_page_custom_page_title_margin_top_source":"","patiotime_single_page_custom_page_title_desktop_margin_top":"","patiotime_single_page_custom_page_title_tablet_margin_top":"","patiotime_single_page_custom_page_title_mobile_margin_top":"","patiotime_single_page_hide_page_title":"on","patiotime_single_page_header_section_size":"","patiotime_single_page_header_background_color":"","patiotime_single_page_header_background_position_x":"center","patiotime_single_page_header_background_position_y":"center","patiotime_single_page_header_background_size":"cover","patiotime_single_page_header_background_repeat":"off","patiotime_single_page_header_background_scroll":"on","patiotime_single_page_header_text_color":"","patiotime_single_page_header_show_breadcrumb":"","patiotime_single_page_site_footer_hide_main":"","patiotime_single_custom_site_footer_main_source":"","patiotime_single_custom_site_footer_main":"0","patiotime_single_page_site_footer_hide_above":"","patiotime_single_custom_site_footer_above_source":"","patiotime_single_custom_site_footer_above":"0","patiotime_single_page_site_footer_hide_instagram":"","patiotime_single_page_site_footer_hide_bottom":"","patiotime_single_custom_mobile_menu_source":"","patiotime_single_custom_mobile_menu":"0","patiotime_single_custom_mobile_menu_animation":"","patiotime_single_custom_mobile_menu_width":"","patiotime_single_custom_mobile_menu_custom_width":375,"footnotes":""},"class_list":["post-8674","page","type-page","status-publish","hentry"],"yoast_head":"<!-- This site is optimized with the Yoast SEO plugin v22.6 - https:\/\/yoast.com\/wordpress\/plugins\/seo\/ -->\n<title>Bloc de not\u00edcies | Restaurant Tem Cambrils<\/title>\n<meta name=\"description\" content=\"Posa&#039;t al dia amb el nostre bloc d&#039;articles i not\u00edcies sobre Cambrils i la seva gastronomia. Informa&#039;t de tot al restaurant Tem de Cambrils.\" \/>\n<meta name=\"robots\" content=\"noindex, follow, max-snippet:-1, max-image-preview:large, max-video-preview:-1\" \/>\n<meta property=\"og:locale\" content=\"ca_ES\" \/>\n<meta property=\"og:type\" content=\"article\" \/>\n<meta property=\"og:title\" content=\"Bloc de not\u00edcies | Restaurant Tem Cambrils\" \/>\n<meta property=\"og:description\" content=\"Posa&#039;t al dia amb el nostre bloc d&#039;articles i not\u00edcies sobre Cambrils i la seva gastronomia. Informa&#039;t de tot al restaurant Tem de Cambrils.\" \/>\n<meta property=\"og:url\" content=\"https:\/\/restauranttem.com\/ca\/noticies\/\" \/>\n<meta property=\"og:site_name\" content=\"Restaurant TEM\" \/>\n<meta property=\"article:modified_time\" content=\"2024-05-02T15:36:56+00:00\" \/>\n<meta name=\"twitter:card\" content=\"summary_large_image\" \/>\n<meta name=\"twitter:label1\" content=\"Temps estimat de lectura\" \/>\n\t<meta name=\"twitter:data1\" content=\"1 minut\" \/>\n<script type=\"application\/ld+json\" class=\"yoast-schema-graph\">{\"@context\":\"https:\/\/schema.org\",\"@graph\":[{\"@type\":\"WebPage\",\"@id\":\"https:\/\/restauranttem.com\/ca\/noticies\/\",\"url\":\"https:\/\/restauranttem.com\/ca\/noticies\/\",\"name\":\"Bloc de not\u00edcies | Restaurant Tem Cambrils\",\"isPartOf\":{\"@id\":\"https:\/\/restauranttem.com\/ca\/#website\"},\"datePublished\":\"2022-05-06T06:09:09+00:00\",\"dateModified\":\"2024-05-02T15:36:56+00:00\",\"description\":\"Posa't al dia amb el nostre bloc d'articles i not\u00edcies sobre Cambrils i la seva gastronomia. Informa't de tot al restaurant Tem de Cambrils.\",\"breadcrumb\":{\"@id\":\"https:\/\/restauranttem.com\/ca\/noticies\/#breadcrumb\"},\"inLanguage\":\"ca\",\"potentialAction\":[{\"@type\":\"ReadAction\",\"target\":[\"https:\/\/restauranttem.com\/ca\/noticies\/\"]}]},{\"@type\":\"BreadcrumbList\",\"@id\":\"https:\/\/restauranttem.com\/ca\/noticies\/#breadcrumb\",\"itemListElement\":[{\"@type\":\"ListItem\",\"position\":1,\"name\":\"Home\",\"item\":\"https:\/\/restauranttem.com\/ca\/\"},{\"@type\":\"ListItem\",\"position\":2,\"name\":\"Not\u00edcies\"}]},{\"@type\":\"WebSite\",\"@id\":\"https:\/\/restauranttem.com\/ca\/#website\",\"url\":\"https:\/\/restauranttem.com\/ca\/\",\"name\":\"Restaurant TEM\",\"description\":\"\",\"potentialAction\":[{\"@type\":\"SearchAction\",\"target\":{\"@type\":\"EntryPoint\",\"urlTemplate\":\"https:\/\/restauranttem.com\/ca\/?s={search_term_string}\"},\"query-input\":\"required name=search_term_string\"}],\"inLanguage\":\"ca\"}]}<\/script>\n<!-- \/ Yoast SEO plugin. -->","yoast_head_json":{"title":"Bloc de not\u00edcies | Restaurant Tem Cambrils","description":"Posa't al dia amb el nostre bloc d'articles i not\u00edcies sobre Cambrils i la seva gastronomia. Informa't de tot al restaurant Tem de Cambrils.","robots":{"index":"noindex","follow":"follow","max-snippet":"max-snippet:-1","max-image-preview":"max-image-preview:large","max-video-preview":"max-video-preview:-1"},"og_locale":"ca_ES","og_type":"article","og_title":"Bloc de not\u00edcies | Restaurant Tem Cambrils","og_description":"Posa't al dia amb el nostre bloc d'articles i not\u00edcies sobre Cambrils i la seva gastronomia. Informa't de tot al restaurant Tem de Cambrils.","og_url":"https:\/\/restauranttem.com\/ca\/noticies\/","og_site_name":"Restaurant TEM","article_modified_time":"2024-05-02T15:36:56+00:00","twitter_card":"summary_large_image","twitter_misc":{"Temps estimat de lectura":"1 minut"},"schema":{"@context":"https:\/\/schema.org","@graph":[{"@type":"WebPage","@id":"https:\/\/restauranttem.com\/ca\/noticies\/","url":"https:\/\/restauranttem.com\/ca\/noticies\/","name":"Bloc de not\u00edcies | Restaurant Tem Cambrils","isPartOf":{"@id":"https:\/\/restauranttem.com\/ca\/#website"},"datePublished":"2022-05-06T06:09:09+00:00","dateModified":"2024-05-02T15:36:56+00:00","description":"Posa't al dia amb el nostre bloc d'articles i not\u00edcies sobre Cambrils i la seva gastronomia. Informa't de tot al restaurant Tem de Cambrils.","breadcrumb":{"@id":"https:\/\/restauranttem.com\/ca\/noticies\/#breadcrumb"},"inLanguage":"ca","potentialAction":[{"@type":"ReadAction","target":["https:\/\/restauranttem.com\/ca\/noticies\/"]}]},{"@type":"BreadcrumbList","@id":"https:\/\/restauranttem.com\/ca\/noticies\/#breadcrumb","itemListElement":[{"@type":"ListItem","position":1,"name":"Home","item":"https:\/\/restauranttem.com\/ca\/"},{"@type":"ListItem","position":2,"name":"Not\u00edcies"}]},{"@type":"WebSite","@id":"https:\/\/restauranttem.com\/ca\/#website","url":"https:\/\/restauranttem.com\/ca\/","name":"Restaurant TEM","description":"","potentialAction":[{"@type":"SearchAction","target":{"@type":"EntryPoint","urlTemplate":"https:\/\/restauranttem.com\/ca\/?s={search_term_string}"},"query-input":"required name=search_term_string"}],"inLanguage":"ca"}]}},"_links":{"self":[{"href":"https:\/\/restauranttem.com\/ca\/wp-json\/wp\/v2\/pages\/8674","targetHints":{"allow":["GET"]}}],"collection":[{"href":"https:\/\/restauranttem.com\/ca\/wp-json\/wp\/v2\/pages"}],"about":[{"href":"https:\/\/restauranttem.com\/ca\/wp-json\/wp\/v2\/types\/page"}],"author":[{"embeddable":true,"href":"https:\/\/restauranttem.com\/ca\/wp-json\/wp\/v2\/users\/1"}],"replies":[{"embeddable":true,"href":"https:\/\/restauranttem.com\/ca\/wp-json\/wp\/v2\/comments?post=8674"}],"version-history":[{"count":4,"href":"https:\/\/restauranttem.com\/ca\/wp-json\/wp\/v2\/pages\/8674\/revisions"}],"predecessor-version":[{"id":8678,"href":"https:\/\/restauranttem.com\/ca\/wp-json\/wp\/v2\/pages\/8674\/revisions\/8678"}],"wp:attachment":[{"href":"https:\/\/restauranttem.com\/ca\/wp-json\/wp\/v2\/media?parent=8674"}],"curies":[{"name":"wp","href":"https:\/\/api.w.org\/{rel}","templated":true}]}}