{"id":8790,"date":"2022-04-05T13:54:45","date_gmt":"2022-04-05T11:54:45","guid":{"rendered":"https:\/\/dygicom.org\/restaurant\/contacto\/"},"modified":"2024-05-20T12:02:40","modified_gmt":"2024-05-20T10:02:40","slug":"contact","status":"publish","type":"page","link":"https:\/\/restauranttem.com\/fr\/contact\/","title":{"rendered":"Contact"},"content":{"rendered":"\t\t<div data-elementor-type=\"wp-page\" data-elementor-id=\"8790\" class=\"elementor elementor-8790 elementor-4892\">\n\t\t\t\t\t\t<section class=\"elementor-section elementor-top-section elementor-element elementor-element-9121772 pt-section-content-fullwidth elementor-section-boxed elementor-section-height-default elementor-section-height-default\" data-id=\"9121772\" data-element_type=\"section\" data-settings=\"{&quot;background_background&quot;:&quot;classic&quot;,&quot;shape_divider_bottom_negative&quot;:&quot;yes&quot;,&quot;shape_divider_bottom&quot;:&quot;waves&quot;}\">\n\t\t\t\t\t\t\t<div class=\"elementor-background-overlay\"><\/div>\n\t\t\t\t\t\t<div class=\"elementor-shape elementor-shape-bottom\" data-negative=\"true\">\n\t\t\t<svg xmlns=\"http:\/\/www.w3.org\/2000\/svg\" viewBox=\"0 0 1000 100\" preserveAspectRatio=\"none\">\n\t<path class=\"elementor-shape-fill\" d=\"M790.5,93.1c-59.3-5.3-116.8-18-192.6-50c-29.6-12.7-76.9-31-100.5-35.9c-23.6-4.9-52.6-7.8-75.5-5.3\n\tc-10.2,1.1-22.6,1.4-50.1,7.4c-27.2,6.3-58.2,16.6-79.4,24.7c-41.3,15.9-94.9,21.9-134,22.6C72,58.2,0,25.8,0,25.8V100h1000V65.3\n\tc0,0-51.5,19.4-106.2,25.7C839.5,97,814.1,95.2,790.5,93.1z\"\/>\n<\/svg>\t\t<\/div>\n\t\t\t\t\t<div class=\"elementor-container elementor-column-gap-no\">\n\t\t\t\t\t<div class=\"elementor-column elementor-col-100 elementor-top-column elementor-element elementor-element-514cc26 dark-color\" data-id=\"514cc26\" data-element_type=\"column\">\n\t\t\t<div class=\"elementor-widget-wrap elementor-element-populated\">\n\t\t\t\t\t\t<div class=\"elementor-element elementor-element-0c97cd9 elementor-widget elementor-widget-pt_title\" data-id=\"0c97cd9\" data-element_type=\"widget\" data-widget_type=\"pt_title.default\">\n\t\t\t\t<div class=\"elementor-widget-container\">\n\t\t\t\n        <div class=\"pt-title-wrap text-left\">\t            <h1 class=\"pt-title\">\n\t                Si vous souhaitez r\u00e9server une table, un service de restauration ou une c\u00e9l\u00e9bration, veuillez nous contacter\t            <\/h1>        <\/div>\t\t<\/div>\n\t\t\t\t<\/div>\n\t\t\t\t\t<\/div>\n\t\t<\/div>\n\t\t\t\t\t<\/div>\n\t\t<\/section>\n\t\t\t\t<section class=\"elementor-section elementor-top-section elementor-element elementor-element-6b823d19 elementor-section-boxed elementor-section-height-default elementor-section-height-default\" data-id=\"6b823d19\" data-element_type=\"section\">\n\t\t\t\t\t\t<div class=\"elementor-container elementor-column-gap-no\">\n\t\t\t\t\t<div class=\"elementor-column elementor-col-33 elementor-top-column elementor-element elementor-element-453931e7\" data-id=\"453931e7\" data-element_type=\"column\">\n\t\t\t<div class=\"elementor-widget-wrap elementor-element-populated\">\n\t\t\t\t\t\t<div class=\"elementor-element elementor-element-693755b animated-fast pt-animation-small-offset elementor-invisible elementor-widget elementor-widget-pt_title\" data-id=\"693755b\" data-element_type=\"widget\" data-settings=\"{&quot;_animation&quot;:&quot;fadeInRight&quot;,&quot;_animation_delay&quot;:200}\" data-widget_type=\"pt_title.default\">\n\t\t\t\t<div class=\"elementor-widget-container\">\n\t\t\t\n        <div class=\"pt-title-wrap text-left text-left-mobile\">\t            <div class=\"pt-subtitle-wrap\"><span class=\"pt-subtitle style-bordered\">RESTAURANT TEM<\/span><\/div>\t            <h2 class=\"pt-title\">\n\t                Pour toute demande de renseignements ou de r\u00e9servation, veuillez nous contacter\t            <\/h2>\t            <div class=\"pt-title-text\">\n\t                Si vous souhaitez obtenir plus d&rsquo;informations sur nos services, r\u00e9server une table ou poser des questions, n&rsquo;h\u00e9sitez pas \u00e0 nous contacter. Nous sommes l\u00e0 pour vous aider et vous fournir toutes les informations dont vous avez besoin.\t            <\/div>        <\/div>\t\t<\/div>\n\t\t\t\t<\/div>\n\t\t\t\t<div class=\"elementor-element elementor-element-75a2f82d elementor-widget elementor-widget-pt_info\" data-id=\"75a2f82d\" data-element_type=\"widget\" data-widget_type=\"pt_info.default\">\n\t\t\t\t<div class=\"elementor-widget-container\">\n\t\t\t\t            <div class=\"pt-info pt-address\">\n\t                <a href=\"https:\/\/www.google.com\/maps\/place\/Tem+Restaurant\/@41.0665387,1.0878097,17z\/data=!3m1!4b1!4m6!3m5!1s0x12a15b050079b381:0x6438a6b1cf0dcc86!8m2!3d41.0665387!4d1.09039!16sg1td35cnw?entry=ttu\" target=\"_blank\">\t                    <i class=\"fas fa-map-marker-alt\"><\/i> Av. Diputaci\u00f3, 64, 43850 Cambrils\t                <\/a>\t            <\/div>\t\t<\/div>\n\t\t\t\t<\/div>\n\t\t\t\t<div class=\"elementor-element elementor-element-117f17f2 elementor-widget elementor-widget-pt_info\" data-id=\"117f17f2\" data-element_type=\"widget\" data-widget_type=\"pt_info.default\">\n\t\t\t\t<div class=\"elementor-widget-container\">\n\t\t\t\t            <div class=\"pt-info pt-tel\">\n\t                <a href=\"tel:+39 977 792 924\">\t                    <i class=\"fas fa-phone\"><\/i> +39 977 792 924\t                <\/a>\t            <\/div>\t\t<\/div>\n\t\t\t\t<\/div>\n\t\t\t\t<div class=\"elementor-element elementor-element-3b9a67d elementor-widget elementor-widget-text-editor\" data-id=\"3b9a67d\" data-element_type=\"widget\" data-widget_type=\"text-editor.default\">\n\t\t\t\t<div class=\"elementor-widget-container\">\n\t\t\t<style>\/*! elementor - v3.20.0 - 26-03-2024 *\/\n.elementor-widget-text-editor.elementor-drop-cap-view-stacked .elementor-drop-cap{background-color:#69727d;color:#fff}.elementor-widget-text-editor.elementor-drop-cap-view-framed .elementor-drop-cap{color:#69727d;border:3px solid;background-color:transparent}.elementor-widget-text-editor:not(.elementor-drop-cap-view-default) .elementor-drop-cap{margin-top:8px}.elementor-widget-text-editor:not(.elementor-drop-cap-view-default) .elementor-drop-cap-letter{width:1em;height:1em}.elementor-widget-text-editor .elementor-drop-cap{float:left;text-align:center;line-height:1;font-size:50px}.elementor-widget-text-editor .elementor-drop-cap-letter{display:inline-block}<\/style>\t\t\t\tHoraires d&rsquo;ouverture de d\u00e9but mars \u00e0 d\u00e9but novembre.\t\t\t\t\t\t<\/div>\n\t\t\t\t<\/div>\n\t\t\t\t<div class=\"elementor-element elementor-element-0038d4f elementor-widget elementor-widget-text-editor\" data-id=\"0038d4f\" data-element_type=\"widget\" data-widget_type=\"text-editor.default\">\n\t\t\t\t<div class=\"elementor-widget-container\">\n\t\t\t\t\t\t\t<p>Ouvert tous les jours du lundi au dimanche.<\/p><p>13h00 &#8211; 16h00<br \/>20h00 &#8211; 23h00<\/p>\t\t\t\t\t\t<\/div>\n\t\t\t\t<\/div>\n\t\t<div class=\"elementor-element elementor-element-b78a9af e-grid e-con-boxed e-con e-parent\" data-id=\"b78a9af\" data-element_type=\"container\" data-core-v316-plus=\"true\">\n\t\t\t\t\t<div class=\"e-con-inner\">\n\t\t\t\t<div class=\"elementor-element elementor-element-f74d580 elementor-widget elementor-widget-pt_button\" data-id=\"f74d580\" data-element_type=\"widget\" data-widget_type=\"pt_button.default\">\n\t\t\t\t<div class=\"elementor-widget-container\">\n\t\t\t        <a href=\"tel:+34977792924\" class=\"elementor-button-link button pt-btn-pill pt-btn-large\" role=\"button\">\n            <span class=\"pt-btn-text\">Appelez-nous<\/span>\n        <\/a>\t\t<\/div>\n\t\t\t\t<\/div>\n\t\t\t\t<div class=\"elementor-element elementor-element-1afcdab elementor-widget elementor-widget-pt_button\" data-id=\"1afcdab\" data-element_type=\"widget\" data-widget_type=\"pt_button.default\">\n\t\t\t\t<div class=\"elementor-widget-container\">\n\t\t\t        <a href=\"https:\/\/wa.me\/34699766316\" target=\"_blank\" class=\"elementor-button-link button pt-btn-pill pt-btn-large\" role=\"button\">\n            <span class=\"pt-btn-text\">WhatsApp<\/span>\n        <\/a>\t\t<\/div>\n\t\t\t\t<\/div>\n\t\t\t\t\t<\/div>\n\t\t\t\t<\/div>\n\t\t\t\t\t<\/div>\n\t\t<\/div>\n\t\t\t\t<div class=\"elementor-column elementor-col-33 elementor-top-column elementor-element elementor-element-51e65452 elementor-hidden-tablet elementor-hidden-mobile\" data-id=\"51e65452\" data-element_type=\"column\">\n\t\t\t<div class=\"elementor-widget-wrap elementor-element-populated\">\n\t\t\t\t\t\t<div class=\"elementor-element elementor-element-505b69b8 full-height elementor-widget elementor-widget-pt_vertical_divider\" data-id=\"505b69b8\" data-element_type=\"widget\" data-widget_type=\"pt_vertical_divider.default\">\n\t\t\t\t<div class=\"elementor-widget-container\">\n\t\t\t\n        <div class=\"pt-vertical-divider divider-grass\">                <div class=\"pt-vd-icon icon-start\">                    <svg xmlns=\"http:\/\/www.w3.org\/2000\/svg\" viewBox=\"0 0 31.06 29.67\">\n                        <path d=\"M36.53,21.85,31.78,18s-7.5.83-9.68,16.39C22.1,34.34,25.7,21.66,36.53,21.85Z\" transform=\"translate(-5.47 -4.66)\"><\/path>\n                        <path class=\"cls-1\" d=\"M5.47,21.85,10.22,18s7.5.83,9.68,16.39C19.9,34.34,16.3,21.66,5.47,21.85Z\" transform=\"translate(-5.47 -4.66)\"><\/path>\n                        <polygon class=\"cls-1\" points=\"15.53 0 18.66 6.56 15.53 22.16 12.39 6.56 15.53 0\"><\/polygon>\n                    <\/svg>                <\/div>            <div class=\"pt-vd-line\"><\/div>                <div class=\"pt-vd-icon icon-end\">                    <svg xmlns=\"http:\/\/www.w3.org\/2000\/svg\" viewBox=\"0 0 31.06 29.67\">\n                        <path d=\"M36.53,21.85,31.78,18s-7.5.83-9.68,16.39C22.1,34.34,25.7,21.66,36.53,21.85Z\" transform=\"translate(-5.47 -4.66)\"><\/path>\n                        <path class=\"cls-1\" d=\"M5.47,21.85,10.22,18s7.5.83,9.68,16.39C19.9,34.34,16.3,21.66,5.47,21.85Z\" transform=\"translate(-5.47 -4.66)\"><\/path>\n                        <polygon class=\"cls-1\" points=\"15.53 0 18.66 6.56 15.53 22.16 12.39 6.56 15.53 0\"><\/polygon>\n                    <\/svg>                <\/div>        <\/div>\t\t<\/div>\n\t\t\t\t<\/div>\n\t\t\t\t\t<\/div>\n\t\t<\/div>\n\t\t\t\t<div class=\"elementor-column elementor-col-33 elementor-top-column elementor-element elementor-element-708b0cb\" data-id=\"708b0cb\" data-element_type=\"column\">\n\t\t\t<div class=\"elementor-widget-wrap elementor-element-populated\">\n\t\t\t\t\t\t<div class=\"elementor-element elementor-element-dd139b5 elementor-widget elementor-widget-google_maps\" data-id=\"dd139b5\" data-element_type=\"widget\" data-widget_type=\"google_maps.default\">\n\t\t\t\t<div class=\"elementor-widget-container\">\n\t\t\t<style>\/*! elementor - v3.20.0 - 26-03-2024 *\/\n.elementor-widget-google_maps .elementor-widget-container{overflow:hidden}.elementor-widget-google_maps .elementor-custom-embed{line-height:0}.elementor-widget-google_maps iframe{height:300px}<\/style>\t\t<div class=\"elementor-custom-embed\">\n\t\t\t<iframe loading=\"lazy\"\n\t\t\t\t\tsrc=\"https:\/\/maps.google.com\/maps?q=Restaurante%20Tem%20Cambrils&#038;t=m&#038;z=10&#038;output=embed&#038;iwloc=near\"\n\t\t\t\t\ttitle=\"Restaurante Tem Cambrils\"\n\t\t\t\t\taria-label=\"Restaurante Tem Cambrils\"\n\t\t\t><\/iframe>\n\t\t<\/div>\n\t\t\t\t<\/div>\n\t\t\t\t<\/div>\n\t\t\t\t\t<\/div>\n\t\t<\/div>\n\t\t\t\t\t<\/div>\n\t\t<\/section>\n\t\t\t\t<\/div>\n\t\t","protected":false},"excerpt":{"rendered":"<p>Si vous souhaitez r\u00e9server une table, un service de restauration ou une c\u00e9l\u00e9bration, veuillez nous contacter RESTAURANT TEM Pour toute demande de renseignements ou de r\u00e9servation, veuillez nous contacter Si vous souhaitez obtenir plus d&#8217;informations sur nos services, r\u00e9server une table ou poser des questions, n&#8217;h\u00e9sitez pas \u00e0 nous contacter. Nous sommes l\u00e0 pour vous &#8230;<\/p>\n","protected":false},"author":1,"featured_media":0,"parent":0,"menu_order":0,"comment_status":"closed","ping_status":"closed","template":"template-wide-content.php","meta":{"patiotime_single_page_hide_site_header":"","patiotime_single_page_site_header_source":"","patiotime_single_page_custom_site_header":"0","patiotime_single_page_custom_sticky_site_header":"0","patiotime_single_page_custom_page_title_margin_top_source":"","patiotime_single_page_custom_page_title_desktop_margin_top":"","patiotime_single_page_custom_page_title_tablet_margin_top":"","patiotime_single_page_custom_page_title_mobile_margin_top":"","patiotime_single_page_hide_page_title":"on","patiotime_single_page_header_section_size":"","patiotime_single_page_header_background_color":"","patiotime_single_page_header_background_position_x":"center","patiotime_single_page_header_background_position_y":"center","patiotime_single_page_header_background_size":"cover","patiotime_single_page_header_background_repeat":"off","patiotime_single_page_header_background_scroll":"on","patiotime_single_page_header_text_color":"","patiotime_single_page_header_show_breadcrumb":"","patiotime_single_page_site_footer_hide_main":"","patiotime_single_custom_site_footer_main_source":"","patiotime_single_custom_site_footer_main":"0","patiotime_single_page_site_footer_hide_above":"on","patiotime_single_custom_site_footer_above_source":"","patiotime_single_custom_site_footer_above":"0","patiotime_single_page_site_footer_hide_instagram":"","patiotime_single_page_site_footer_hide_bottom":"","patiotime_single_custom_mobile_menu_source":"","patiotime_single_custom_mobile_menu":"0","patiotime_single_custom_mobile_menu_animation":"","patiotime_single_custom_mobile_menu_width":"","patiotime_single_custom_mobile_menu_custom_width":375,"footnotes":""},"class_list":["post-8790","page","type-page","status-publish","hentry"],"yoast_head":"<!-- This site is optimized with the Yoast SEO plugin v22.6 - https:\/\/yoast.com\/wordpress\/plugins\/seo\/ -->\n<title>Contact pour les r\u00e9servations | Restaurant Tem Cambrils<\/title>\n<meta name=\"description\" content=\"Si vous souhaitez r\u00e9server une table dans notre restaurant Tem \u00e0 Cambrils, un service de restauration ou une c\u00e9l\u00e9bration, contactez-nous.\" \/>\n<meta name=\"robots\" content=\"noindex, follow, max-snippet:-1, max-image-preview:large, max-video-preview:-1\" \/>\n<meta property=\"og:locale\" content=\"fr_FR\" \/>\n<meta property=\"og:type\" content=\"article\" \/>\n<meta property=\"og:title\" content=\"Contact pour les r\u00e9servations | Restaurant Tem Cambrils\" \/>\n<meta property=\"og:description\" content=\"Si vous souhaitez r\u00e9server une table dans notre restaurant Tem \u00e0 Cambrils, un service de restauration ou une c\u00e9l\u00e9bration, contactez-nous.\" \/>\n<meta property=\"og:url\" content=\"https:\/\/restauranttem.com\/fr\/contact\/\" \/>\n<meta property=\"og:site_name\" content=\"Restaurant TEM\" \/>\n<meta property=\"article:modified_time\" content=\"2024-05-20T10:02:40+00:00\" \/>\n<meta name=\"twitter:card\" content=\"summary_large_image\" \/>\n<meta name=\"twitter:label1\" content=\"Dur\u00e9e de lecture estim\u00e9e\" \/>\n\t<meta name=\"twitter:data1\" content=\"1 minute\" \/>\n<script type=\"application\/ld+json\" class=\"yoast-schema-graph\">{\"@context\":\"https:\/\/schema.org\",\"@graph\":[{\"@type\":\"WebPage\",\"@id\":\"https:\/\/restauranttem.com\/fr\/contact\/\",\"url\":\"https:\/\/restauranttem.com\/fr\/contact\/\",\"name\":\"Contact pour les r\u00e9servations | Restaurant Tem Cambrils\",\"isPartOf\":{\"@id\":\"https:\/\/restauranttem.com\/fr\/#website\"},\"datePublished\":\"2022-04-05T11:54:45+00:00\",\"dateModified\":\"2024-05-20T10:02:40+00:00\",\"description\":\"Si vous souhaitez r\u00e9server une table dans notre restaurant Tem \u00e0 Cambrils, un service de restauration ou une c\u00e9l\u00e9bration, contactez-nous.\",\"breadcrumb\":{\"@id\":\"https:\/\/restauranttem.com\/fr\/contact\/#breadcrumb\"},\"inLanguage\":\"fr-FR\",\"potentialAction\":[{\"@type\":\"ReadAction\",\"target\":[\"https:\/\/restauranttem.com\/fr\/contact\/\"]}]},{\"@type\":\"BreadcrumbList\",\"@id\":\"https:\/\/restauranttem.com\/fr\/contact\/#breadcrumb\",\"itemListElement\":[{\"@type\":\"ListItem\",\"position\":1,\"name\":\"Home\",\"item\":\"https:\/\/restauranttem.com\/fr\/\"},{\"@type\":\"ListItem\",\"position\":2,\"name\":\"Contact\"}]},{\"@type\":\"WebSite\",\"@id\":\"https:\/\/restauranttem.com\/fr\/#website\",\"url\":\"https:\/\/restauranttem.com\/fr\/\",\"name\":\"Restaurant TEM\",\"description\":\"\",\"potentialAction\":[{\"@type\":\"SearchAction\",\"target\":{\"@type\":\"EntryPoint\",\"urlTemplate\":\"https:\/\/restauranttem.com\/fr\/?s={search_term_string}\"},\"query-input\":\"required name=search_term_string\"}],\"inLanguage\":\"fr-FR\"}]}<\/script>\n<!-- \/ Yoast SEO plugin. -->","yoast_head_json":{"title":"Contact pour les r\u00e9servations | Restaurant Tem Cambrils","description":"Si vous souhaitez r\u00e9server une table dans notre restaurant Tem \u00e0 Cambrils, un service de restauration ou une c\u00e9l\u00e9bration, contactez-nous.","robots":{"index":"noindex","follow":"follow","max-snippet":"max-snippet:-1","max-image-preview":"max-image-preview:large","max-video-preview":"max-video-preview:-1"},"og_locale":"fr_FR","og_type":"article","og_title":"Contact pour les r\u00e9servations | Restaurant Tem Cambrils","og_description":"Si vous souhaitez r\u00e9server une table dans notre restaurant Tem \u00e0 Cambrils, un service de restauration ou une c\u00e9l\u00e9bration, contactez-nous.","og_url":"https:\/\/restauranttem.com\/fr\/contact\/","og_site_name":"Restaurant TEM","article_modified_time":"2024-05-20T10:02:40+00:00","twitter_card":"summary_large_image","twitter_misc":{"Dur\u00e9e de lecture estim\u00e9e":"1 minute"},"schema":{"@context":"https:\/\/schema.org","@graph":[{"@type":"WebPage","@id":"https:\/\/restauranttem.com\/fr\/contact\/","url":"https:\/\/restauranttem.com\/fr\/contact\/","name":"Contact pour les r\u00e9servations | Restaurant Tem Cambrils","isPartOf":{"@id":"https:\/\/restauranttem.com\/fr\/#website"},"datePublished":"2022-04-05T11:54:45+00:00","dateModified":"2024-05-20T10:02:40+00:00","description":"Si vous souhaitez r\u00e9server une table dans notre restaurant Tem \u00e0 Cambrils, un service de restauration ou une c\u00e9l\u00e9bration, contactez-nous.","breadcrumb":{"@id":"https:\/\/restauranttem.com\/fr\/contact\/#breadcrumb"},"inLanguage":"fr-FR","potentialAction":[{"@type":"ReadAction","target":["https:\/\/restauranttem.com\/fr\/contact\/"]}]},{"@type":"BreadcrumbList","@id":"https:\/\/restauranttem.com\/fr\/contact\/#breadcrumb","itemListElement":[{"@type":"ListItem","position":1,"name":"Home","item":"https:\/\/restauranttem.com\/fr\/"},{"@type":"ListItem","position":2,"name":"Contact"}]},{"@type":"WebSite","@id":"https:\/\/restauranttem.com\/fr\/#website","url":"https:\/\/restauranttem.com\/fr\/","name":"Restaurant TEM","description":"","potentialAction":[{"@type":"SearchAction","target":{"@type":"EntryPoint","urlTemplate":"https:\/\/restauranttem.com\/fr\/?s={search_term_string}"},"query-input":"required name=search_term_string"}],"inLanguage":"fr-FR"}]}},"_links":{"self":[{"href":"https:\/\/restauranttem.com\/fr\/wp-json\/wp\/v2\/pages\/8790","targetHints":{"allow":["GET"]}}],"collection":[{"href":"https:\/\/restauranttem.com\/fr\/wp-json\/wp\/v2\/pages"}],"about":[{"href":"https:\/\/restauranttem.com\/fr\/wp-json\/wp\/v2\/types\/page"}],"author":[{"embeddable":true,"href":"https:\/\/restauranttem.com\/fr\/wp-json\/wp\/v2\/users\/1"}],"replies":[{"embeddable":true,"href":"https:\/\/restauranttem.com\/fr\/wp-json\/wp\/v2\/comments?post=8790"}],"version-history":[{"count":16,"href":"https:\/\/restauranttem.com\/fr\/wp-json\/wp\/v2\/pages\/8790\/revisions"}],"predecessor-version":[{"id":8991,"href":"https:\/\/restauranttem.com\/fr\/wp-json\/wp\/v2\/pages\/8790\/revisions\/8991"}],"wp:attachment":[{"href":"https:\/\/restauranttem.com\/fr\/wp-json\/wp\/v2\/media?parent=8790"}],"curies":[{"name":"wp","href":"https:\/\/api.w.org\/{rel}","templated":true}]}}