{"id":8793,"date":"2022-05-06T08:09:09","date_gmt":"2022-05-06T06:09:09","guid":{"rendered":"https:\/\/dygicom.org\/restaurant\/noticias\/"},"modified":"2024-05-03T09:06:51","modified_gmt":"2024-05-03T07:06:51","slug":"nouvelles","status":"publish","type":"page","link":"https:\/\/restauranttem.com\/fr\/nouvelles\/","title":{"rendered":"Nouvelles"},"content":{"rendered":"\t\t<div data-elementor-type=\"wp-page\" data-elementor-id=\"8793\" class=\"elementor elementor-8793 elementor-1160\">\n\t\t\t\t\t\t<section class=\"elementor-section elementor-top-section elementor-element elementor-element-20db7dd pt-section-content-fullwidth elementor-section-boxed elementor-section-height-default elementor-section-height-default\" data-id=\"20db7dd\" data-element_type=\"section\" data-settings=\"{&quot;background_background&quot;:&quot;classic&quot;,&quot;shape_divider_bottom_negative&quot;:&quot;yes&quot;,&quot;shape_divider_bottom&quot;:&quot;waves&quot;}\">\n\t\t\t\t\t\t\t<div class=\"elementor-background-overlay\"><\/div>\n\t\t\t\t\t\t<div class=\"elementor-shape elementor-shape-bottom\" data-negative=\"true\">\n\t\t\t<svg xmlns=\"http:\/\/www.w3.org\/2000\/svg\" viewBox=\"0 0 1000 100\" preserveAspectRatio=\"none\">\n\t<path class=\"elementor-shape-fill\" d=\"M790.5,93.1c-59.3-5.3-116.8-18-192.6-50c-29.6-12.7-76.9-31-100.5-35.9c-23.6-4.9-52.6-7.8-75.5-5.3\n\tc-10.2,1.1-22.6,1.4-50.1,7.4c-27.2,6.3-58.2,16.6-79.4,24.7c-41.3,15.9-94.9,21.9-134,22.6C72,58.2,0,25.8,0,25.8V100h1000V65.3\n\tc0,0-51.5,19.4-106.2,25.7C839.5,97,814.1,95.2,790.5,93.1z\"\/>\n<\/svg>\t\t<\/div>\n\t\t\t\t\t<div class=\"elementor-container elementor-column-gap-no\">\n\t\t\t\t\t<div class=\"elementor-column elementor-col-100 elementor-top-column elementor-element elementor-element-5dd54fb dark-color\" data-id=\"5dd54fb\" data-element_type=\"column\">\n\t\t\t<div class=\"elementor-widget-wrap elementor-element-populated\">\n\t\t\t\t\t\t<div class=\"elementor-element elementor-element-38c8988 elementor-widget elementor-widget-pt_title\" data-id=\"38c8988\" data-element_type=\"widget\" data-widget_type=\"pt_title.default\">\n\t\t\t\t<div class=\"elementor-widget-container\">\n\t\t\t\n        <div class=\"pt-title-wrap text-left\">\t            <h1 class=\"pt-title\">\n\t                Tenez-vous au courant de nos articles et de nos nouvelles sur Cambrils et sa gastronomie\t            <\/h1>        <\/div>\t\t<\/div>\n\t\t\t\t<\/div>\n\t\t\t\t\t<\/div>\n\t\t<\/div>\n\t\t\t\t\t<\/div>\n\t\t<\/section>\n\t\t\t\t<section class=\"elementor-section elementor-top-section elementor-element elementor-element-0fb0b1c elementor-section-boxed elementor-section-height-default elementor-section-height-default\" data-id=\"0fb0b1c\" data-element_type=\"section\">\n\t\t\t\t\t\t<div class=\"elementor-container elementor-column-gap-no\">\n\t\t\t\t\t<div class=\"elementor-column elementor-col-100 elementor-top-column elementor-element elementor-element-0982ecc\" data-id=\"0982ecc\" data-element_type=\"column\">\n\t\t\t<div class=\"elementor-widget-wrap elementor-element-populated\">\n\t\t\t\t\t\t<div class=\"elementor-element elementor-element-9c983b3 elementor-widget elementor-widget-pt_blog\" data-id=\"9c983b3\" data-element_type=\"widget\" data-widget_type=\"pt_blog.default\">\n\t\t\t\t<div class=\"elementor-widget-container\">\n\t\t\t\t\t\t\t<div class=\"posts layout-grid column-2 img-ratio-3-2\" data-settings='{\"query\":{\"paged\":1,\"posts_per_page\":\"10\",\"ignore_sticky_posts\":true},\"settings\":{\"layout\":\"grid\",\"columns\":\"2\",\"post_meta\":\"a:4:{i:0;s:7:\\\"excerpt\\\";i:1;s:13:\\\"read_more_btn\\\";i:2;s:8:\\\"category\\\";i:3;s:4:\\\"date\\\";}\",\"page_layout\":\"\",\"pagination\":\"\",\"archive_page\":\"elementor\"}}'>\n\t\t\t\t\t\t\t\t\t<div class=\"posts-wrapper\">\n<article class=\"post-8839 post type-post status-publish format-standard has-post-thumbnail hentry category-cambrils-fr category-tourisme tag-cambrils-fr tag-turismo-fr\">    <div class=\"featured-img\">            <a href=\"https:\/\/restauranttem.com\/fr\/le-port-de-cambrils-a-tarragone\/\"><img fetchpriority=\"high\" decoding=\"async\" width=\"780\" height=\"519\" src=\"https:\/\/restauranttem.com\/wp-content\/uploads\/2024\/04\/Vista-de-Cambrils-780x519.jpg\" class=\"attachment-patiotime_780x9999 size-patiotime_780x9999 wp-post-image image-layout-grid-column-2\" alt=\"\" srcset=\"https:\/\/restauranttem.com\/wp-content\/uploads\/2024\/04\/Vista-de-Cambrils-780x519.jpg 780w, https:\/\/restauranttem.com\/wp-content\/uploads\/2024\/04\/Vista-de-Cambrils-300x200.jpg 300w, https:\/\/restauranttem.com\/wp-content\/uploads\/2024\/04\/Vista-de-Cambrils-768x511.jpg 768w, https:\/\/restauranttem.com\/wp-content\/uploads\/2024\/04\/Vista-de-Cambrils-600x400.jpg 600w, https:\/\/restauranttem.com\/wp-content\/uploads\/2024\/04\/Vista-de-Cambrils-550x366.jpg 550w, https:\/\/restauranttem.com\/wp-content\/uploads\/2024\/04\/Vista-de-Cambrils-370x246.jpg 370w, https:\/\/restauranttem.com\/wp-content\/uploads\/2024\/04\/Vista-de-Cambrils-255x170.jpg 255w, https:\/\/restauranttem.com\/wp-content\/uploads\/2024\/04\/Vista-de-Cambrils.jpg 1000w\" sizes=\"(max-width: 780px) 100vw, 780px\" \/><\/a>    <\/div>\n    <div class=\"post-content\">\n        <header class=\"post-header\">            <div class=\"meta-wrap\">                    <div class=\"meta\">        <div class=\"meta-item time\">\n            <a href=\"https:\/\/restauranttem.com\/fr\/le-port-de-cambrils-a-tarragone\/\">\n                <time class=\"published\" datetime=\"2022-05-06T08:06:34+02:00\">6 de mai de 2022<\/time>\n            <\/a>\n        <\/div>                     <\/div>\t\t\t<div class=\"cat-links\"><a href=\"https:\/\/restauranttem.com\/fr\/category\/cambrils-fr\/\" rel=\"tag\">Cambrils<\/a> <a href=\"https:\/\/restauranttem.com\/fr\/category\/tourisme\/\" rel=\"tag\">Tourisme<\/a><\/div>            <\/div>    <h2 class=\"post-title\">\n        <a href=\"https:\/\/restauranttem.com\/fr\/le-port-de-cambrils-a-tarragone\/\">Le port de Cambrils \u00e0 Tarragone<\/a>\n    <\/h2>        <\/header>\t\t<div class=\"post-excerpt\"><p>Explorer le charme du port de Cambrils sur la Costa Dorada Le port de Cambrils, \u00e0 Tarragone, est l&rsquo;une des destinations les plus embl\u00e9matiques de &#8230;<\/p>\n<\/div>            <footer class=\"post-footer\">        <div class=\"more-btn\">\n            <a class=\"read-more-btn button pt-btn-underline\" href=\"https:\/\/restauranttem.com\/fr\/le-port-de-cambrils-a-tarragone\/\"><span>Leer m\u00e1s<\/span><\/a>\n        <\/div>            <\/footer>    <\/div>\n<\/article>\n\n<article class=\"post-8840 post type-post status-publish format-standard has-post-thumbnail hentry category-cambrils-fr category-tourisme tag-cambrils-fr tag-turismo-fr\">    <div class=\"featured-img\">            <a href=\"https:\/\/restauranttem.com\/fr\/decouvrez-les-charmes-de-cambrils\/\"><img decoding=\"async\" width=\"780\" height=\"519\" src=\"https:\/\/restauranttem.com\/wp-content\/uploads\/2022\/05\/Playas-de-Cambrils-780x519.jpg\" class=\"attachment-patiotime_780x9999 size-patiotime_780x9999 wp-post-image image-layout-grid-column-2\" alt=\"\" srcset=\"https:\/\/restauranttem.com\/wp-content\/uploads\/2022\/05\/Playas-de-Cambrils-780x519.jpg 780w, https:\/\/restauranttem.com\/wp-content\/uploads\/2022\/05\/Playas-de-Cambrils-300x200.jpg 300w, https:\/\/restauranttem.com\/wp-content\/uploads\/2022\/05\/Playas-de-Cambrils-768x511.jpg 768w, https:\/\/restauranttem.com\/wp-content\/uploads\/2022\/05\/Playas-de-Cambrils-600x400.jpg 600w, https:\/\/restauranttem.com\/wp-content\/uploads\/2022\/05\/Playas-de-Cambrils-550x366.jpg 550w, https:\/\/restauranttem.com\/wp-content\/uploads\/2022\/05\/Playas-de-Cambrils-370x246.jpg 370w, https:\/\/restauranttem.com\/wp-content\/uploads\/2022\/05\/Playas-de-Cambrils-255x170.jpg 255w, https:\/\/restauranttem.com\/wp-content\/uploads\/2022\/05\/Playas-de-Cambrils.jpg 1000w\" sizes=\"(max-width: 780px) 100vw, 780px\" \/><\/a>    <\/div>\n    <div class=\"post-content\">\n        <header class=\"post-header\">            <div class=\"meta-wrap\">                    <div class=\"meta\">        <div class=\"meta-item time\">\n            <a href=\"https:\/\/restauranttem.com\/fr\/decouvrez-les-charmes-de-cambrils\/\">\n                <time class=\"published\" datetime=\"2022-05-06T08:04:14+02:00\">6 de mai de 2022<\/time>\n            <\/a>\n        <\/div>                     <\/div>\t\t\t<div class=\"cat-links\"><a href=\"https:\/\/restauranttem.com\/fr\/category\/cambrils-fr\/\" rel=\"tag\">Cambrils<\/a> <a href=\"https:\/\/restauranttem.com\/fr\/category\/tourisme\/\" rel=\"tag\">Tourisme<\/a><\/div>            <\/div>    <h2 class=\"post-title\">\n        <a href=\"https:\/\/restauranttem.com\/fr\/decouvrez-les-charmes-de-cambrils\/\">D\u00e9couvrez les charmes de Cambrils<\/a>\n    <\/h2>        <\/header>\t\t<div class=\"post-excerpt\"><p>Une destination qui \u00e9veille les sens Bienvenue \u00e0 Cambrils, charmante ville baln\u00e9aire de la province de Tarragone, situ\u00e9e sur la superbe Costa Dorada espagnole. Avec &#8230;<\/p>\n<\/div>            <footer class=\"post-footer\">        <div class=\"more-btn\">\n            <a class=\"read-more-btn button pt-btn-underline\" href=\"https:\/\/restauranttem.com\/fr\/decouvrez-les-charmes-de-cambrils\/\"><span>Leer m\u00e1s<\/span><\/a>\n        <\/div>            <\/footer>    <\/div>\n<\/article>\n\n<article class=\"post-8841 post type-post status-publish format-standard has-post-thumbnail hentry category-cambrils-fr category-gastronomie category-oenotourisme tag-cambrils-fr tag-enoturismo-fr tag-gastronomia-fr\">    <div class=\"featured-img\">            <a href=\"https:\/\/restauranttem.com\/fr\/foire-aux-vins-et-a-la-gastronomie-de-cambrils\/\"><img decoding=\"async\" width=\"780\" height=\"519\" src=\"https:\/\/restauranttem.com\/wp-content\/uploads\/2022\/04\/Feria-del-vino-de-Cambrils-780x519.jpg\" class=\"attachment-patiotime_780x9999 size-patiotime_780x9999 wp-post-image image-layout-grid-column-2\" alt=\"\" srcset=\"https:\/\/restauranttem.com\/wp-content\/uploads\/2022\/04\/Feria-del-vino-de-Cambrils-780x519.jpg 780w, https:\/\/restauranttem.com\/wp-content\/uploads\/2022\/04\/Feria-del-vino-de-Cambrils-300x200.jpg 300w, https:\/\/restauranttem.com\/wp-content\/uploads\/2022\/04\/Feria-del-vino-de-Cambrils-768x511.jpg 768w, https:\/\/restauranttem.com\/wp-content\/uploads\/2022\/04\/Feria-del-vino-de-Cambrils-600x400.jpg 600w, https:\/\/restauranttem.com\/wp-content\/uploads\/2022\/04\/Feria-del-vino-de-Cambrils-550x366.jpg 550w, https:\/\/restauranttem.com\/wp-content\/uploads\/2022\/04\/Feria-del-vino-de-Cambrils-370x246.jpg 370w, https:\/\/restauranttem.com\/wp-content\/uploads\/2022\/04\/Feria-del-vino-de-Cambrils-255x170.jpg 255w, https:\/\/restauranttem.com\/wp-content\/uploads\/2022\/04\/Feria-del-vino-de-Cambrils.jpg 1000w\" sizes=\"(max-width: 780px) 100vw, 780px\" \/><\/a>    <\/div>\n    <div class=\"post-content\">\n        <header class=\"post-header\">            <div class=\"meta-wrap\">                    <div class=\"meta\">        <div class=\"meta-item time\">\n            <a href=\"https:\/\/restauranttem.com\/fr\/foire-aux-vins-et-a-la-gastronomie-de-cambrils\/\">\n                <time class=\"published\" datetime=\"2022-04-05T13:15:51+02:00\">5 de avril de 2022<\/time>\n            <\/a>\n        <\/div>                     <\/div>\t\t\t<div class=\"cat-links\"><a href=\"https:\/\/restauranttem.com\/fr\/category\/cambrils-fr\/\" rel=\"tag\">Cambrils<\/a> <a href=\"https:\/\/restauranttem.com\/fr\/category\/gastronomie\/\" rel=\"tag\">Gastronomie<\/a> <a href=\"https:\/\/restauranttem.com\/fr\/category\/oenotourisme\/\" rel=\"tag\">Oenotourisme<\/a><\/div>            <\/div>    <h2 class=\"post-title\">\n        <a href=\"https:\/\/restauranttem.com\/fr\/foire-aux-vins-et-a-la-gastronomie-de-cambrils\/\">Foire aux vins de Cambrils<\/a>\n    <\/h2>        <\/header>\t\t<div class=\"post-excerpt\"><p>Savourez les saveurs et la culture lors de la foire aux vins et \u00e0 la gastronomie de Cambrils Plongez dans une exp\u00e9rience unique qui associe &#8230;<\/p>\n<\/div>            <footer class=\"post-footer\">        <div class=\"more-btn\">\n            <a class=\"read-more-btn button pt-btn-underline\" href=\"https:\/\/restauranttem.com\/fr\/foire-aux-vins-et-a-la-gastronomie-de-cambrils\/\"><span>Leer m\u00e1s<\/span><\/a>\n        <\/div>            <\/footer>    <\/div>\n<\/article>\n\t\t\t\t<\/div>\t\t\t\t<\/div>\t\t<\/div>\n\t\t\t\t<\/div>\n\t\t\t\t\t<\/div>\n\t\t<\/div>\n\t\t\t\t\t<\/div>\n\t\t<\/section>\n\t\t\t\t<\/div>\n\t\t","protected":false},"excerpt":{"rendered":"<p>Tenez-vous au courant de nos articles et de nos nouvelles sur Cambrils et sa gastronomie<\/p>\n","protected":false},"author":1,"featured_media":0,"parent":0,"menu_order":0,"comment_status":"closed","ping_status":"closed","template":"template-wide-content.php","meta":{"patiotime_single_page_hide_site_header":"","patiotime_single_page_site_header_source":"","patiotime_single_page_custom_site_header":"0","patiotime_single_page_custom_sticky_site_header":"0","patiotime_single_page_custom_page_title_margin_top_source":"","patiotime_single_page_custom_page_title_desktop_margin_top":"","patiotime_single_page_custom_page_title_tablet_margin_top":"","patiotime_single_page_custom_page_title_mobile_margin_top":"","patiotime_single_page_hide_page_title":"on","patiotime_single_page_header_section_size":"","patiotime_single_page_header_background_color":"","patiotime_single_page_header_background_position_x":"center","patiotime_single_page_header_background_position_y":"center","patiotime_single_page_header_background_size":"cover","patiotime_single_page_header_background_repeat":"off","patiotime_single_page_header_background_scroll":"on","patiotime_single_page_header_text_color":"","patiotime_single_page_header_show_breadcrumb":"","patiotime_single_page_site_footer_hide_main":"","patiotime_single_custom_site_footer_main_source":"","patiotime_single_custom_site_footer_main":"0","patiotime_single_page_site_footer_hide_above":"","patiotime_single_custom_site_footer_above_source":"","patiotime_single_custom_site_footer_above":"0","patiotime_single_page_site_footer_hide_instagram":"","patiotime_single_page_site_footer_hide_bottom":"","patiotime_single_custom_mobile_menu_source":"","patiotime_single_custom_mobile_menu":"0","patiotime_single_custom_mobile_menu_animation":"","patiotime_single_custom_mobile_menu_width":"","patiotime_single_custom_mobile_menu_custom_width":375,"footnotes":""},"class_list":["post-8793","page","type-page","status-publish","hentry"],"yoast_head":"<!-- This site is optimized with the Yoast SEO plugin v22.6 - https:\/\/yoast.com\/wordpress\/plugins\/seo\/ -->\n<title>Blogue d&#039;actualit\u00e9 | Restaurant Tem Cambrils<\/title>\n<meta name=\"description\" content=\"Suivez l&#039;actualit\u00e9 de notre blog avec des articles et des nouvelles sur Cambrils et sa gastronomie. D\u00e9couvrez le restaurant Tem \u00e0 Cambrils.\" \/>\n<meta name=\"robots\" content=\"noindex, follow, max-snippet:-1, max-image-preview:large, max-video-preview:-1\" \/>\n<meta property=\"og:locale\" content=\"fr_FR\" \/>\n<meta property=\"og:type\" content=\"article\" \/>\n<meta property=\"og:title\" content=\"Blogue d&#039;actualit\u00e9 | Restaurant Tem Cambrils\" \/>\n<meta property=\"og:description\" content=\"Suivez l&#039;actualit\u00e9 de notre blog avec des articles et des nouvelles sur Cambrils et sa gastronomie. D\u00e9couvrez le restaurant Tem \u00e0 Cambrils.\" \/>\n<meta property=\"og:url\" content=\"https:\/\/restauranttem.com\/fr\/nouvelles\/\" \/>\n<meta property=\"og:site_name\" content=\"Restaurant TEM\" \/>\n<meta property=\"article:modified_time\" content=\"2024-05-03T07:06:51+00:00\" \/>\n<meta name=\"twitter:card\" content=\"summary_large_image\" \/>\n<meta name=\"twitter:label1\" content=\"Dur\u00e9e de lecture estim\u00e9e\" \/>\n\t<meta name=\"twitter:data1\" content=\"1 minute\" \/>\n<script type=\"application\/ld+json\" class=\"yoast-schema-graph\">{\"@context\":\"https:\/\/schema.org\",\"@graph\":[{\"@type\":\"WebPage\",\"@id\":\"https:\/\/restauranttem.com\/fr\/nouvelles\/\",\"url\":\"https:\/\/restauranttem.com\/fr\/nouvelles\/\",\"name\":\"Blogue d'actualit\u00e9 | Restaurant Tem Cambrils\",\"isPartOf\":{\"@id\":\"https:\/\/restauranttem.com\/fr\/#website\"},\"datePublished\":\"2022-05-06T06:09:09+00:00\",\"dateModified\":\"2024-05-03T07:06:51+00:00\",\"description\":\"Suivez l'actualit\u00e9 de notre blog avec des articles et des nouvelles sur Cambrils et sa gastronomie. D\u00e9couvrez le restaurant Tem \u00e0 Cambrils.\",\"breadcrumb\":{\"@id\":\"https:\/\/restauranttem.com\/fr\/nouvelles\/#breadcrumb\"},\"inLanguage\":\"fr-FR\",\"potentialAction\":[{\"@type\":\"ReadAction\",\"target\":[\"https:\/\/restauranttem.com\/fr\/nouvelles\/\"]}]},{\"@type\":\"BreadcrumbList\",\"@id\":\"https:\/\/restauranttem.com\/fr\/nouvelles\/#breadcrumb\",\"itemListElement\":[{\"@type\":\"ListItem\",\"position\":1,\"name\":\"Home\",\"item\":\"https:\/\/restauranttem.com\/fr\/\"},{\"@type\":\"ListItem\",\"position\":2,\"name\":\"Nouvelles\"}]},{\"@type\":\"WebSite\",\"@id\":\"https:\/\/restauranttem.com\/fr\/#website\",\"url\":\"https:\/\/restauranttem.com\/fr\/\",\"name\":\"Restaurant TEM\",\"description\":\"\",\"potentialAction\":[{\"@type\":\"SearchAction\",\"target\":{\"@type\":\"EntryPoint\",\"urlTemplate\":\"https:\/\/restauranttem.com\/fr\/?s={search_term_string}\"},\"query-input\":\"required name=search_term_string\"}],\"inLanguage\":\"fr-FR\"}]}<\/script>\n<!-- \/ Yoast SEO plugin. -->","yoast_head_json":{"title":"Blogue d'actualit\u00e9 | Restaurant Tem Cambrils","description":"Suivez l'actualit\u00e9 de notre blog avec des articles et des nouvelles sur Cambrils et sa gastronomie. D\u00e9couvrez le restaurant Tem \u00e0 Cambrils.","robots":{"index":"noindex","follow":"follow","max-snippet":"max-snippet:-1","max-image-preview":"max-image-preview:large","max-video-preview":"max-video-preview:-1"},"og_locale":"fr_FR","og_type":"article","og_title":"Blogue d'actualit\u00e9 | Restaurant Tem Cambrils","og_description":"Suivez l'actualit\u00e9 de notre blog avec des articles et des nouvelles sur Cambrils et sa gastronomie. D\u00e9couvrez le restaurant Tem \u00e0 Cambrils.","og_url":"https:\/\/restauranttem.com\/fr\/nouvelles\/","og_site_name":"Restaurant TEM","article_modified_time":"2024-05-03T07:06:51+00:00","twitter_card":"summary_large_image","twitter_misc":{"Dur\u00e9e de lecture estim\u00e9e":"1 minute"},"schema":{"@context":"https:\/\/schema.org","@graph":[{"@type":"WebPage","@id":"https:\/\/restauranttem.com\/fr\/nouvelles\/","url":"https:\/\/restauranttem.com\/fr\/nouvelles\/","name":"Blogue d'actualit\u00e9 | Restaurant Tem Cambrils","isPartOf":{"@id":"https:\/\/restauranttem.com\/fr\/#website"},"datePublished":"2022-05-06T06:09:09+00:00","dateModified":"2024-05-03T07:06:51+00:00","description":"Suivez l'actualit\u00e9 de notre blog avec des articles et des nouvelles sur Cambrils et sa gastronomie. D\u00e9couvrez le restaurant Tem \u00e0 Cambrils.","breadcrumb":{"@id":"https:\/\/restauranttem.com\/fr\/nouvelles\/#breadcrumb"},"inLanguage":"fr-FR","potentialAction":[{"@type":"ReadAction","target":["https:\/\/restauranttem.com\/fr\/nouvelles\/"]}]},{"@type":"BreadcrumbList","@id":"https:\/\/restauranttem.com\/fr\/nouvelles\/#breadcrumb","itemListElement":[{"@type":"ListItem","position":1,"name":"Home","item":"https:\/\/restauranttem.com\/fr\/"},{"@type":"ListItem","position":2,"name":"Nouvelles"}]},{"@type":"WebSite","@id":"https:\/\/restauranttem.com\/fr\/#website","url":"https:\/\/restauranttem.com\/fr\/","name":"Restaurant TEM","description":"","potentialAction":[{"@type":"SearchAction","target":{"@type":"EntryPoint","urlTemplate":"https:\/\/restauranttem.com\/fr\/?s={search_term_string}"},"query-input":"required name=search_term_string"}],"inLanguage":"fr-FR"}]}},"_links":{"self":[{"href":"https:\/\/restauranttem.com\/fr\/wp-json\/wp\/v2\/pages\/8793","targetHints":{"allow":["GET"]}}],"collection":[{"href":"https:\/\/restauranttem.com\/fr\/wp-json\/wp\/v2\/pages"}],"about":[{"href":"https:\/\/restauranttem.com\/fr\/wp-json\/wp\/v2\/types\/page"}],"author":[{"embeddable":true,"href":"https:\/\/restauranttem.com\/fr\/wp-json\/wp\/v2\/users\/1"}],"replies":[{"embeddable":true,"href":"https:\/\/restauranttem.com\/fr\/wp-json\/wp\/v2\/comments?post=8793"}],"version-history":[{"count":4,"href":"https:\/\/restauranttem.com\/fr\/wp-json\/wp\/v2\/pages\/8793\/revisions"}],"predecessor-version":[{"id":8823,"href":"https:\/\/restauranttem.com\/fr\/wp-json\/wp\/v2\/pages\/8793\/revisions\/8823"}],"wp:attachment":[{"href":"https:\/\/restauranttem.com\/fr\/wp-json\/wp\/v2\/media?parent=8793"}],"curies":[{"name":"wp","href":"https:\/\/api.w.org\/{rel}","templated":true}]}}